{"id":731,"date":"2013-05-30T13:47:31","date_gmt":"2013-05-30T13:47:31","guid":{"rendered":"http:\/\/c-rebell-um.de\/crebellum\/?post_type=product&#038;p=731"},"modified":"2013-05-31T10:17:38","modified_gmt":"2013-05-31T10:17:38","slug":"poster-9","status":"publish","type":"product","link":"http:\/\/c-rebell-um.de\/crebellum\/?product=poster-9","title":{"rendered":"Poster 9"},"content":{"rendered":"<p>Sondergr\u00f6\u00dfe<\/p>\n<p>H\u00f6he 29 cm<br \/>\nBreite 149 cm <\/p>\n","protected":false},"excerpt":{"rendered":"<p>Sondergr\u00f6\u00dfe H\u00f6he 29 cm Breite 149 cm<\/p>\n","protected":false},"featured_media":716,"comment_status":"open","ping_status":"closed","template":"","meta":[],"product_cat":[30],"product_tag":[37],"class_list":{"0":"post-731","1":"product","2":"type-product","3":"status-publish","4":"has-post-thumbnail","6":"product_cat-poster","7":"product_tag-poster","9":"first","10":"instock","11":"taxable","12":"shipping-taxable","13":"purchasable","14":"product-type-simple"},"_links":{"self":[{"href":"http:\/\/c-rebell-um.de\/crebellum\/index.php?rest_route=\/wp\/v2\/product\/731","targetHints":{"allow":["GET"]}}],"collection":[{"href":"http:\/\/c-rebell-um.de\/crebellum\/index.php?rest_route=\/wp\/v2\/product"}],"about":[{"href":"http:\/\/c-rebell-um.de\/crebellum\/index.php?rest_route=\/wp\/v2\/types\/product"}],"replies":[{"embeddable":true,"href":"http:\/\/c-rebell-um.de\/crebellum\/index.php?rest_route=%2Fwp%2Fv2%2Fcomments&post=731"}],"wp:featuredmedia":[{"embeddable":true,"href":"http:\/\/c-rebell-um.de\/crebellum\/index.php?rest_route=\/wp\/v2\/media\/716"}],"wp:attachment":[{"href":"http:\/\/c-rebell-um.de\/crebellum\/index.php?rest_route=%2Fwp%2Fv2%2Fmedia&parent=731"}],"wp:term":[{"taxonomy":"product_cat","embeddable":true,"href":"http:\/\/c-rebell-um.de\/crebellum\/index.php?rest_route=%2Fwp%2Fv2%2Fproduct_cat&post=731"},{"taxonomy":"product_tag","embeddable":true,"href":"http:\/\/c-rebell-um.de\/crebellum\/index.php?rest_route=%2Fwp%2Fv2%2Fproduct_tag&post=731"}],"curies":[{"name":"wp","href":"https:\/\/api.w.org\/{rel}","templated":true}]}}